{"id":24,"date":"2022-09-12T11:43:31","date_gmt":"2022-09-12T09:43:31","guid":{"rendered":"https:\/\/en.falaparkhotel.pl\/index.php\/o-nas\/"},"modified":"2022-09-12T11:43:39","modified_gmt":"2022-09-12T09:43:39","slug":"o-nas","status":"publish","type":"page","link":"https:\/\/en.falaparkhotel.pl\/index.php\/o-nas\/","title":{"rendered":"O nas"},"content":{"rendered":"<!--[align_content]--><style>\n.bd-aligncontent-948806836[data-aligncontent-size=\"sheet\"] > .bd-section-inner > .bd-section-align-wrapper,.bd-aligncontent-948806836[data-aligncontent-size=\"page\"]  > .bd-section-inner,.bd-aligncontent-948806836 > .bd-container-inner,.bd-aligncontent-948806836 > .bd-vertical-align-wrapper{width:100%;margin:auto;}<\/style><!--{content}-->    <!--[section]-->\n\t\t\t\t<section id=section4 class=\" bd-section-1300090813 bd-tagstyles bd-aligncontent  bd-aligncontent-948806836 \" data-section-title=\"Container\" data-aligncontent-size=\"sheet\">\n\t\t\t<div class=\"bd-section-inner\">\n\t\t\t\t<div class=\"bd-section-align-wrapper\">\n\t\t\t\t\t<!--{content}-->\n\t\t\t\t\t\t    <!--[text]-->\n                <h3 class=\" additional-class-333050191  bd-content-element\">\n            <!--{content}-->\n                <b>Wyj\u0105tkowy hotel w samym centrum\nmiasta <\/b>\n\n<!-- &#091;if gte mso 9&#093;>\n\n<!&#091;endif&#093;--><!-- &#091;if gte mso 9&#093;>\n\n  Normal\n  0\n\n  21\n\n  false\n  false\n  false\n\n  PL\n  X-NONE\n  X-NONE\n\n<!&#091;endif&#093;--><!-- &#091;if gte mso 9&#093;>\n\n<!&#091;endif&#093;--><!--\n \/* Font Definitions *\/\n @font-face\n\t{font-family:\"Cambria Math\";\n\tpanose-1:2 4 5 3 5 4 6 3 2 4;\n\tmso-font-charset:0;\n\tmso-generic-font-family:roman;\n\tmso-font-pitch:variable;\n\tmso-font-signature:-536870145 1107305727 0 0 415 0;}\n@font-face\n\t{font-family:Calibri;\n\tpanose-1:2 15 5 2 2 2 4 3 2 4;\n\tmso-font-charset:238;\n\tmso-generic-font-family:swiss;\n\tmso-font-pitch:variable;\n\tmso-font-signature:-536859905 -1073697537 9 0 511 0;}\n \/* Style Definitions *\/\n p.MsoNormal, li.MsoNormal, div.MsoNormal\n\t{mso-style-unhide:no;\n\tmso-style-qformat:yes;\n\tmso-style-parent:\"\";\n\tmargin-top:0cm;\n\tmargin-right:0cm;\n\tmargin-bottom:8.0pt;\n\tmargin-left:0cm;\n\tline-height:107%;\n\tmso-pagination:widow-orphan;\n\tfont-size:11.0pt;\n\tfont-family:\"Calibri\",sans-serif;\n\tmso-ascii-font-family:Calibri;\n\tmso-ascii-theme-font:minor-latin;\n\tmso-fareast-font-family:Calibri;\n\tmso-fareast-theme-font:minor-latin;\n\tmso-hansi-font-family:Calibri;\n\tmso-hansi-theme-font:minor-latin;\n\tmso-bidi-font-family:\"Times New Roman\";\n\tmso-bidi-theme-font:minor-bidi;\n\tmso-fareast-language:EN-US;}\n.MsoChpDefault\n\t{mso-style-type:export-only;\n\tmso-default-props:yes;\n\tfont-size:11.0pt;\n\tmso-ansi-font-size:11.0pt;\n\tmso-bidi-font-size:11.0pt;\n\tfont-family:\"Calibri\",sans-serif;\n\tmso-ascii-font-family:Calibri;\n\tmso-ascii-theme-font:minor-latin;\n\tmso-fareast-font-family:Calibri;\n\tmso-fareast-theme-font:minor-latin;\n\tmso-hansi-font-family:Calibri;\n\tmso-hansi-theme-font:minor-latin;\n\tmso-bidi-font-family:\"Times New Roman\";\n\tmso-bidi-theme-font:minor-bidi;\n\tmso-fareast-language:EN-US;}\n.MsoPapDefault\n\t{mso-style-type:export-only;\n\tmargin-bottom:8.0pt;\n\tline-height:107%;}\n@page WordSection1\n\t{size:612.0pt 792.0pt;\n\tmargin:70.85pt 70.85pt 70.85pt 70.85pt;\n\tmso-header-margin:35.4pt;\n\tmso-footer-margin:35.4pt;\n\tmso-paper-source:0;}\ndiv.WordSection1\n\t{page:WordSection1;}\n--><!-- &#091;if gte mso 10&#093;>\n\n \/* Style Definitions *\/\n table.MsoNormalTable\n\t{mso-style-name:Standardowy;\n\tmso-tstyle-rowband-size:0;\n\tmso-tstyle-colband-size:0;\n\tmso-style-noshow:yes;\n\tmso-style-priority:99;\n\tmso-style-parent:\"\";\n\tmso-padding-alt:0cm 5.4pt 0cm 5.4pt;\n\tmso-para-margin-top:0cm;\n\tmso-para-margin-right:0cm;\n\tmso-para-margin-bottom:8.0pt;\n\tmso-para-margin-left:0cm;\n\tline-height:107%;\n\tmso-pagination:widow-orphan;\n\tfont-size:11.0pt;\n\tfont-family:\"Calibri\",sans-serif;\n\tmso-ascii-font-family:Calibri;\n\tmso-ascii-theme-font:minor-latin;\n\tmso-hansi-font-family:Calibri;\n\tmso-hansi-theme-font:minor-latin;\n\tmso-bidi-font-family:\"Times New Roman\";\n\tmso-bidi-theme-font:minor-bidi;\n\tmso-fareast-language:EN-US;}\n\n<!&#091;endif&#093;--><!--StartFragment--><!--EndFragment-->            <!--{\/content}-->\n        <\/h3>\n    <!--[\/text]-->\n\n\n    <!--[image_scaling]-->\n        <style>\n.bd-imagescaling-664112265.bd-imagescaling-img, .bd-imagescaling-664112265 .bd-imagescaling-img{background-position:center center;background-repeat:no-repeat;background-size:cover;}<\/style>        <!--{content}-->\n            <!--[image]--><style>\n.additional-class-1607093963{width:100%;height:300px;}<\/style><img decoding=\"async\" src=\"https:\/\/en.falaparkhotel.pl\/wp-content\/uploads\/2022\/09\/57f4ce1fe02254cd45ec1277c29f3515_8.jpg\" class=\" additional-class-1607093963 bd-imagestyles bd-imagescaling  bd-imagescaling-664112265 \"><!--{content}--><!--{\/content}--><!--[\/image]-->        <!--{\/content}-->\n    <!--[\/image_scaling]-->\n\n\n    <!--[text]-->\n        <style>\n.additional-class-1476658859{\n\tline-height:  25.71428572px;\n\tfont-size:  18px;\n}\n<\/style>        <p class=\" additional-class-1476658859  bd-content-element\">\n            <!--{content}-->\n                Jeste\u015bmy oryginalnym miejscem, cz\u0119\u015bci\u0105 aktywnej\ni otwartej spo\u0142eczno\u015bci, kt\u00f3re \u0142\u0105czy autentyczne, lokalne do\u015bwiadczenia,\nwsp\u00f3\u0142czesny design, nowoczesne technologie, znakomit\u0105 kuchni\u0119 i serdeczn\u0105\nobs\u0142ug\u0119.\n\nPo prostu zarezerwuj, przyjed\u017a i baw si\u0119 dobrze. \u017bycie jest zbyt kr\u00f3tkie na\nprzeci\u0119tno\u015b\u0107!<b><\/b>\n\nNasz\nhotel&nbsp; mie\u015bci si\u0119 w centrum miasta nad\nsamym jeziorem wolszty\u0144skim , zaledwie 200m\nod Rynku, 600 metr\u00f3w od Dworca Kolejowego i Autobusowego. W najbli\u017cszym\notoczeniu hotelu zlokalizowane jest wielofunkcyjne centrum\nsportowe z kortem tenisowym na dachu .\n\n<!-- &#091;if gte mso 9&#093;>\n\n<!&#091;endif&#093;--><!-- &#091;if gte mso 9&#093;>\n\n  Normal\n  0\n\n  21\n\n  false\n  false\n  false\n\n  PL\n  X-NONE\n  X-NONE\n\n<!&#091;endif&#093;--><!-- &#091;if gte mso 9&#093;>\n\n<!&#091;endif&#093;--><!--\n \/* Font Definitions *\/\n @font-face\n\t{font-family:\"Cambria Math\";\n\tpanose-1:2 4 5 3 5 4 6 3 2 4;\n\tmso-font-charset:0;\n\tmso-generic-font-family:roman;\n\tmso-font-pitch:variable;\n\tmso-font-signature:-536870145 1107305727 0 0 415 0;}\n@font-face\n\t{font-family:Calibri;\n\tpanose-1:2 15 5 2 2 2 4 3 2 4;\n\tmso-font-charset:238;\n\tmso-generic-font-family:swiss;\n\tmso-font-pitch:variable;\n\tmso-font-signature:-536859905 -1073697537 9 0 511 0;}\n \/* Style Definitions *\/\n p.MsoNormal, li.MsoNormal, div.MsoNormal\n\t{mso-style-unhide:no;\n\tmso-style-qformat:yes;\n\tmso-style-parent:\"\";\n\tmargin-top:0cm;\n\tmargin-right:0cm;\n\tmargin-bottom:8.0pt;\n\tmargin-left:0cm;\n\tline-height:107%;\n\tmso-pagination:widow-orphan;\n\tfont-size:11.0pt;\n\tfont-family:\"Calibri\",sans-serif;\n\tmso-ascii-font-family:Calibri;\n\tmso-ascii-theme-font:minor-latin;\n\tmso-fareast-font-family:Calibri;\n\tmso-fareast-theme-font:minor-latin;\n\tmso-hansi-font-family:Calibri;\n\tmso-hansi-theme-font:minor-latin;\n\tmso-bidi-font-family:\"Times New Roman\";\n\tmso-bidi-theme-font:minor-bidi;\n\tmso-fareast-language:EN-US;}\nspan.style-scope\n\t{mso-style-name:style-scope;\n\tmso-style-unhide:no;}\n.MsoChpDefault\n\t{mso-style-type:export-only;\n\tmso-default-props:yes;\n\tfont-size:11.0pt;\n\tmso-ansi-font-size:11.0pt;\n\tmso-bidi-font-size:11.0pt;\n\tfont-family:\"Calibri\",sans-serif;\n\tmso-ascii-font-family:Calibri;\n\tmso-ascii-theme-font:minor-latin;\n\tmso-fareast-font-family:Calibri;\n\tmso-fareast-theme-font:minor-latin;\n\tmso-hansi-font-family:Calibri;\n\tmso-hansi-theme-font:minor-latin;\n\tmso-bidi-font-family:\"Times New Roman\";\n\tmso-bidi-theme-font:minor-bidi;\n\tmso-fareast-language:EN-US;}\n.MsoPapDefault\n\t{mso-style-type:export-only;\n\tmargin-bottom:8.0pt;\n\tline-height:107%;}\n@page WordSection1\n\t{size:612.0pt 792.0pt;\n\tmargin:70.85pt 70.85pt 70.85pt 70.85pt;\n\tmso-header-margin:35.4pt;\n\tmso-footer-margin:35.4pt;\n\tmso-paper-source:0;}\ndiv.WordSection1\n\t{page:WordSection1;}\n--><!-- &#091;if gte mso 10&#093;>\n\n \/* Style Definitions *\/\n table.MsoNormalTable\n\t{mso-style-name:Standardowy;\n\tmso-tstyle-rowband-size:0;\n\tmso-tstyle-colband-size:0;\n\tmso-style-noshow:yes;\n\tmso-style-priority:99;\n\tmso-style-parent:\"\";\n\tmso-padding-alt:0cm 5.4pt 0cm 5.4pt;\n\tmso-para-margin-top:0cm;\n\tmso-para-margin-right:0cm;\n\tmso-para-margin-bottom:8.0pt;\n\tmso-para-margin-left:0cm;\n\tline-height:107%;\n\tmso-pagination:widow-orphan;\n\tfont-size:11.0pt;\n\tfont-family:\"Calibri\",sans-serif;\n\tmso-ascii-font-family:Calibri;\n\tmso-ascii-theme-font:minor-latin;\n\tmso-hansi-font-family:Calibri;\n\tmso-hansi-theme-font:minor-latin;\n\tmso-bidi-font-family:\"Times New Roman\";\n\tmso-bidi-theme-font:minor-bidi;\n\tmso-fareast-language:EN-US;}\n\n<!&#091;endif&#093;--><!--StartFragment--><!--EndFragment-->            <!--{\/content}-->\n        <\/p>\n    <!--[\/text]-->\n\t\t\t\t\t<!--{\/content}-->\n\t\t\t\t<\/div>\n\t\t\t<\/div>\n\t\t<\/section>\n\t<!--[\/section]-->\n<!--{\/content}--><!--[\/align_content]-->\n","protected":false},"excerpt":{"rendered":"","protected":false},"author":1,"featured_media":0,"parent":0,"menu_order":6,"comment_status":"closed","ping_status":"closed","template":"","meta":{"footnotes":""},"class_list":["post-24","page","type-page","status-publish","hentry"],"_links":{"self":[{"href":"https:\/\/en.falaparkhotel.pl\/index.php\/wp-json\/wp\/v2\/pages\/24","targetHints":{"allow":["GET"]}}],"collection":[{"href":"https:\/\/en.falaparkhotel.pl\/index.php\/wp-json\/wp\/v2\/pages"}],"about":[{"href":"https:\/\/en.falaparkhotel.pl\/index.php\/wp-json\/wp\/v2\/types\/page"}],"author":[{"embeddable":true,"href":"https:\/\/en.falaparkhotel.pl\/index.php\/wp-json\/wp\/v2\/users\/1"}],"replies":[{"embeddable":true,"href":"https:\/\/en.falaparkhotel.pl\/index.php\/wp-json\/wp\/v2\/comments?post=24"}],"version-history":[{"count":1,"href":"https:\/\/en.falaparkhotel.pl\/index.php\/wp-json\/wp\/v2\/pages\/24\/revisions"}],"predecessor-version":[{"id":37,"href":"https:\/\/en.falaparkhotel.pl\/index.php\/wp-json\/wp\/v2\/pages\/24\/revisions\/37"}],"wp:attachment":[{"href":"https:\/\/en.falaparkhotel.pl\/index.php\/wp-json\/wp\/v2\/media?parent=24"}],"curies":[{"name":"wp","href":"https:\/\/api.w.org\/{rel}","templated":true}]}}